{"id":2402,"date":"2022-01-31T13:00:03","date_gmt":"2022-01-31T13:00:03","guid":{"rendered":"https:\/\/www.clubedopaiva.com\/?page_id=2402"},"modified":"2023-06-10T20:35:26","modified_gmt":"2023-06-10T19:35:26","slug":"termos-e-condicoes","status":"publish","type":"page","link":"https:\/\/www.clubedopaiva.com\/pt-pt\/termos-e-condicoes\/","title":{"rendered":"Termos e Condi\u00e7\u00f5es"},"content":{"rendered":"<div class=\"fusion-fullwidth fullwidth-box nonhundred-percent-fullwidth non-hundred-percent-height-scrolling\"  style='background-color: #ffffff;background-position: left top;background-repeat: no-repeat;padding-top:20px;padding-right:0px;padding-bottom:20px;padding-left:0px;margin-bottom: 60px;margin-top: 60px;border-top-width:0px;border-bottom-width:0px;border-color:#eae9e9;border-top-style:solid;border-bottom-style:solid;'><div class=\"fusion-builder-row fusion-row \"><div  class=\"fusion-layout-column fusion_builder_column fusion_builder_column_1_1 fusion-builder-column-1 fusion-one-full fusion-column-first fusion-column-last 1_1\"  style='margin-top:0px;margin-bottom:20px;'>\n\t\t\t\t\t<div class=\"fusion-column-wrapper\" style=\"padding: 0px 0px 0px 0px;background-position:left top;background-repeat:no-repeat;-webkit-background-size:cover;-moz-background-size:cover;-o-background-size:cover;background-size:cover;\"   data-bg-url=\"\">\n\t\t\t\t\t\t<div class=\"fusion-text\"><h2 style=\"text-align: center;\">Termos e Condi\u00e7\u00f5es<\/h2>\n<h3>1. Informa\u00e7\u00e3o Geral<\/h3>\n<p>As presentes condi\u00e7\u00f5es gerais regulam a venda de servi\u00e7os e experi\u00eancias\/ atividades entre o Clube do Paiva e parceiros.<\/p>\n<p>O Clube do Paiva atrav\u00e9s dos seus meios de promo\u00e7\u00e3o e parceiros, apresenta e oferece uma s\u00e9rie de atividades de anima\u00e7\u00e3o tur\u00edstica para serem usufru\u00eddas pelo adquirente direto ou indireto. As referidas atividades s\u00e3o organizadas, realizadas e produzidas pelo Clube do Paiva e\/ou por fornecedores id\u00f3neos e qualificados, ao abrigo de acordos celebrados entre cada um deles e o Clube do Paiva.<\/p>\n<p>Uma vez selecionada a atividade o Clube do Paiva remeter-lhe-\u00e1, ap\u00f3s pagamento do respetivo pre\u00e7o, um comprovativo (e-mail, voucher, fatura ou outro comprovativo) que lhe conceder\u00e1 o direito de realizar a atividade.<\/p>\n<h3>2. Inscri\u00e7\u00e3o, Marca\u00e7\u00e3o e Reserva de Atividades<\/h3>\n<ol>\n<li>A inscri\u00e7\u00e3o numa atividade pressup\u00f5e o conhecimento e aceita\u00e7\u00e3o das presentes condi\u00e7\u00f5es.<\/li>\n<li>As condi\u00e7\u00f5es particulares sobrep\u00f5em-se \u00e0s presentes condi\u00e7\u00f5es gerais.<\/li>\n<\/ol>\n<p>A marca\u00e7\u00e3o das atividades dever\u00e1 ser realizada com a maior anteced\u00eancia poss\u00edvel. Para efetuar a reserva dever\u00e1 contactar os nossos servi\u00e7os atrav\u00e9s do n\u00famero de telem\u00f3vel +351 966 185 300 ou por e-mail <a href=\"mailto:clubedopaiva@gmail.com\">clubedopaiva@gmail.com<\/a>. S\u00f3 deve considerar a marca\u00e7\u00e3o como definitiva ap\u00f3s ter recebido a confirma\u00e7\u00e3o dos nossos servi\u00e7os por telefone, SMS ou por e-mail.<\/p>\n<p>No dia da realiza\u00e7\u00e3o das atividades dever\u00e1 fazer-se acompanhar do comprovativo de pagamento ou outro qualquer meio de prova (voucher ou outro) como meio de pagamento junto do nosso guia\/monitor.<\/p>\n<h3>3. Atividades<\/h3>\n<ol>\n<li>Os detalhes e respetivos n\u00edveis de dificuldade das atividades est\u00e3o dispon\u00edveis para consulta no descritivo de atividades, podendo os mesmos ser transmitidos verbalmente ou enviados aquando do pedido de informa\u00e7\u00f5es ou contrata\u00e7\u00e3o das mesmas.<\/li>\n<li>Visto que as atividades dependem das condi\u00e7\u00f5es atmosf\u00e9ricas, \u00e9 poss\u00edvel que o seu percurso tenha de ser alterado. A informa\u00e7\u00e3o prestada pelo Clube do Paiva relativamente \u00e0 dura\u00e7\u00e3o e ao tipo de atividade baseia-se sempre numa estimativa e em circunst\u00e2ncias ideais, pelo que n\u00e3o s\u00e3o devidos quaisquer direitos pela altera\u00e7\u00e3o das atividades ou percursos das mesmas.<\/li>\n<li>O Clube do Paiva reserva o direito de cancelar as atividades, n\u00e3o havendo lugar a uma indemniza\u00e7\u00e3o. Nesse caso, o Clube do Paiva reembolsa o cliente do valor j\u00e1 pago, depois de deduzidas as despesas suportadas com a organiza\u00e7\u00e3o da respetiva atividade, quando:\n<ol>\n<li>N\u00e3o est\u00e3o reunidos os participantes exigidos para cada atividade (quando aplic\u00e1vel);<\/li>\n<li>As condi\u00e7\u00f5es climat\u00e9ricas, hidrogr\u00e1ficas, de seguran\u00e7a ou outras a tornem impratic\u00e1vel;<\/li>\n<\/ol>\n<\/li>\n<li>A confirma\u00e7\u00e3o das atividades \u00e9 normalmente realizada com um ou dois dias antes da data de realiza\u00e7\u00e3o das mesmas. Devido \u00e0 instabilidade do tempo, o Clube do Paiva est\u00e1 no seu direito de confirmar as atividades at\u00e9 12 horas antes das mesmas.<\/li>\n<li>O direito a realizar uma atividade com o respetivo voucher\/ prova de compra cessa quando:\n<ol>\n<li>O cliente n\u00e3o compare\u00e7a no local e na hora mencionados no formul\u00e1rio de reserva ou transmitidas para a realiza\u00e7\u00e3o da atividade;<\/li>\n<li>O cliente, antes do in\u00edcio da atividade, n\u00e3o apresente um bilhete\/ voucher\/ prova de compra ou formul\u00e1rio de reserva v\u00e1lidos;<\/li>\n<li>Segundo a administra\u00e7\u00e3o do Clube do Paiva, n\u00e3o se tenha recebido o pagamento da respetiva atividade e o cliente n\u00e3o possa, nesse momento, apresentar um comprovativo do pagamento. Em todas estas situa\u00e7\u00f5es, considera-se que a atividade foi realizada. O voucher perde a sua validade. Isto \u00e9 igualmente v\u00e1lido para as situa\u00e7\u00f5es em que n\u00e3o seja poss\u00edvel realizar a atividade devido \u00e0s circunst\u00e2ncias descritas no art.\u00ba 3.<\/li>\n<li>Em caso de n\u00e3o compar\u00eancia no dia da atividade, e caso n\u00e3o tenha sido paga a atividade na totalidade, ser\u00e1 cobrada uma taxa de 10\u20ac\/ pessoa (devido \u00e0 ativa\u00e7\u00e3o de seguros, guias, desloca\u00e7\u00f5es, etc.). No caso de vouchers de empresas prestadoras de experi\u00eancias como a \u201cVida \u00e9 Bela\u201d, Smartbox, etc, s\u00e3o seguidas as normas destas, ou seja, o voucher ser\u00e1 dado como utilizado, n\u00e3o havendo lugar a reembolso.<\/li>\n<\/ol>\n<\/li>\n<li>Os participantes nas atividades devem respeitar as instru\u00e7\u00f5es dadas pelo guia\/ monitor e por outros colaboradores do Clube do Paiva, tanto durante como depois das atividades.<\/li>\n<li>Ao participar numa atividade, os clientes aceitam os riscos decorrentes das mesmas, n\u00e3o podendo o Clube do Paiva ser responsabilizada pelos mesmos.<\/li>\n<li>O Clube do Paiva n\u00e3o se responsabiliza por quaisquer danos ou perdas de equipamentos pessoais (pe\u00e7as de roupa, m\u00e1quinas fotogr\u00e1ficas ou c\u00e2maras de filmar, etc.)<\/li>\n<li>O Clube do Paiva n\u00e3o pode ser responsabilizada por acidentes resultantes da imprud\u00eancia dos participantes ou do seu desrespeito pelas indica\u00e7\u00f5es dos seus guias\/ monitores.<\/li>\n<li>O Clube do Paiva n\u00e3o pode ser responsabilizado por atos que n\u00e3o dependam da sua vontade ou controlo assim como dos seus funcion\u00e1rios.<\/li>\n<\/ol>\n<h3>4. Restri\u00e7\u00f5es<\/h3>\n<p>\u00c9 de inteira responsabilidade do cliente assegurar-se que se encontra em condi\u00e7\u00f5es de sa\u00fade (f\u00edsica e mental, etc.) para a realiza\u00e7\u00e3o das atividades contratadas.<\/p>\n<p>Em caso de d\u00favida, entre em contacto connosco. Garantimos que faremos todos os poss\u00edveis para que os nossos clientes com algum tipo de limita\u00e7\u00e3o f\u00edsica tenham sempre a oportunidade de usufruir de forma adequada das nossas atividades. Para tal, solicitamos que quaisquer restri\u00e7\u00f5es deste tipo sejam mencionadas antes do ato da compra\/ reserva, para que possamos tomar as dilig\u00eancias necess\u00e1rias para ir de encontro \u00e0s necessidades do nosso cliente.<\/p>\n<p>Indicamos, no entanto, algumas restri\u00e7\u00f5es gerais (condi\u00e7\u00f5es aplicadas pelo equipamento):<\/p>\n<ul>\n<li>Idade m\u00ednima admitida: menores de 18 anos apenas com autoriza\u00e7\u00e3o dos pais\/ tutores (da responsabilidade da entidade contratante);<\/li>\n<li>Idade m\u00e1xima admitida: 150 anos (sob consulta);<\/li>\n<li>Peso e altura m\u00ednima: 30 Kg | 135 cm;<\/li>\n<li>Peso e altura m\u00e1xima: 115 kg | 210 cm.<\/li>\n<\/ul>\n<h3>5. Reembolsos<\/h3>\n<p>Reembolsamos todos os vouchers n\u00e3o datados, at\u00e9 15 dias ap\u00f3s a data da compra, contra cobran\u00e7a de um encargo administrativo de 20% do seu valor, com um m\u00ednimo de 20 euros. O reembolso \u00e9 sempre feito \u00e0 entidade ou pessoa que adquiriu o voucher, salvo se expressamente for indicado o contr\u00e1rio.<\/p>\n<h3>6. Cancelamentos<\/h3>\n<p>Caso pretenda cancelar ou alterar a sua marca\u00e7\u00e3o, dever\u00e1 faz\u00ea-lo com um m\u00ednimo de 12horas.\u00a0 Caso n\u00e3o compare\u00e7a na data e local marcados para realizar a sua atividade sem cancelar a sua marca\u00e7\u00e3o nos termos referidos, perder\u00e1 o direito a usufruir da mesma.<\/p>\n<p><u>Importante:<\/u> Em caso de necessidade de cancelamento da realiza\u00e7\u00e3o da atividade por raz\u00f5es alheias \u00e0 nossa vontade (por exemplo: condi\u00e7\u00f5es meteorol\u00f3gicas), notific\u00e1-lo-emos com a maior brevidade poss\u00edvel e realizaremos todos os esfor\u00e7os para lhe apresentarmos uma data alternativa de sua conveni\u00eancia.<\/p>\n<p><em>No dia:<\/em> Se tiver algum problema no pr\u00f3prio dia da realiza\u00e7\u00e3o atividade ou alguma reclama\u00e7\u00e3o a apresentar, por favor mencione-o diretamente ao Clube do Paiva atrav\u00e9s do e-mail <a href=\"mailto:clubedopaiva@gmail.com\">clubedopaiva@gmail.com<\/a>, na primeira oportunidade, para que o possamos recompensar e melhorar o nosso servi\u00e7o.<\/p>\n<h3>7. Condi\u00e7\u00f5es Atmosf\u00e9ricas e Imprevistos T\u00e9cnicos<\/h3>\n<p>As realiza\u00e7\u00f5es das atividades est\u00e3o sujeitas \u00e0 exist\u00eancia de condi\u00e7\u00f5es t\u00e9cnicas e atmosf\u00e9ricas favor\u00e1veis. Se as atividades forem canceladas, ser-lhe-\u00e1 oferecida a possibilidade de efetuar uma nova reserva, tendo de ser o cliente a indicar uma nova data, mas sempre sujeita \u00e0s condi\u00e7\u00f5es meteorol\u00f3gicas do respetivo dia e disponibilidade do Clube do Paiva. \u00a0Caso o cliente incorra em despesas ou preju\u00edzos de um cancelamento no pr\u00f3prio dia por condi\u00e7\u00f5es atmosf\u00e9ricas adversas ou imprevistos alheios ao Clube do Paiva, n\u00e3o poder\u00e1 esta \u00faltima ser responsabilizada pelos mesmos.<\/p>\n<h3>8. Seguros<\/h3>\n<p>Os riscos inerentes \u00e0 realiza\u00e7\u00e3o de atividades de anima\u00e7\u00e3o tur\u00edstica est\u00e3o cobertos por uma ap\u00f3lice de acidentes pessoais e uma ap\u00f3lice de responsabilidade civil cujas coberturas s\u00e3o as previstas na legisla\u00e7\u00e3o em vigor, a saber:<\/p>\n<ol>\n<li>Pagamento das despesas de tratamentos, incluindo internamento hospitalar, e medicamentos, at\u00e9 ao montante anual de \u20ac 3500;<\/li>\n<li>Pagamento de um capital de \u20ac 35 000, em caso de morte ou invalidez permanente dos seus clientes, reduzindo-se o capital por morte ao reembolso das despesas de funeral, quando estes tiverem idade inferior a 14 anos;<\/li>\n<\/ol>\n<p>Seguro de responsabilidade civil garante \u20ac 50 000 por sinistro, com a anuidade a garantir os danos causados por sinistros ocorridos durante a vig\u00eancia da ap\u00f3lice, desde que reclamados at\u00e9 um ano ap\u00f3s a cessa\u00e7\u00e3o do contrato.<\/p>\n<p><em>NOTA:<\/em> Toda e qualquer despesa acima destes valores n\u00e3o pode ser assacada ao Clube do Paiva. Caso pretenda segurar a atividade com valores superiores aos contratados e\/ou n\u00e3o constantes na ap\u00f3lice contratada, o Clube do Paiva poder\u00e1 solicitar uma proposta espec\u00edfica \u00e0 companhia de seguros.<\/p>\n<h3>9. Vouchers, Cheques Prenda<\/h3>\n<ol>\n<li>Vouchers: Uma vez selecionada a atividade ou o produto (seja diretamente com o do Clube do Paiva, atrav\u00e9s de um parceiro, lojas aderentes, de uma p\u00e1gina Web ou outras formas, o Clube do Paiva remeter-lhe-\u00e1, ap\u00f3s pagamento do respetivo pre\u00e7o, um voucher que lhe conceder\u00e1 o direito de realizar a atividade, o qual ter\u00e1 de apresentar no dia(s) da(s) atividade(s) e\/ ou servi\u00e7o(s).\n<ol>\n<li>Entrega do voucher \u2013 O seu voucher \u00e9 enviado por correio normal (acrescido de um custo, o qual deve solicitar informa\u00e7\u00e3o espec\u00edfica para cada caso) ou por e-mail. O envio \u00e9 efetuado normalmente dois dias ap\u00f3s boa cobran\u00e7a do meio de pagamento, ou optar por uma forma de entrega personalizada. Por favor contacte-nos se pretender mais informa\u00e7\u00f5es sobre entregas personalizadas. O voucher pode ser enviado para si ou, diretamente para quem indicar desde que identifique claramente os dados referentes ao destinat\u00e1rio. Se o seu voucher, por qualquer raz\u00e3o, n\u00e3o chegar ao destinat\u00e1rio, enviamos um novo voucher sem custos adicionais (apenas v\u00e1lido para envios por e-mail), procedendo \u00e0 anula\u00e7\u00e3o do voucher extraviado.<\/li>\n<\/ol>\n<\/li>\n<li>Validade dos Vouchers \u2013 Todos os vouchers t\u00eam um prazo de validade de 1 anos ap\u00f3s a data de compra, salvo indica\u00e7\u00e3o contr\u00e1ria inscrita no mesmo. Durante os 6 meses subsequentes ao termo do prazo de validade os vouchers poder\u00e3o ser revalidados uma \u00fanica vez mediante o pagamento de uma taxa de 25\u20ac. Terminado este per\u00edodo, o voucher \u00e9 anulado, n\u00e3o podendo o mesmo ser revalidado. A revalida\u00e7\u00e3o do voucher n\u00e3o lhe confere novo prazo de validade, apenas permitindo uma nova marca\u00e7\u00e3o desde que efetuada nos 5 dias \u00fateis seguintes, para uma data no per\u00edodo de 3 meses imediatamente a seguir \u00e0 revalida\u00e7\u00e3o.<\/li>\n<li>Troca de vouchers \u2013 \u00c9 permitida a troca de vouchers, desde que estejam dispon\u00edveis no cat\u00e1logo dos vouchers do Clube do Paiva, mediante a dedu\u00e7\u00e3o de uma taxa de servi\u00e7o.<\/li>\n<\/ol>\n<h3>10. Direitos de Imagem<\/h3>\n<p>O Clube do Paiva durante as suas atividades poder\u00e1 realizar cobertura de imagens e v\u00eddeo (com som) das referidas atividades. Assim, salvo indica\u00e7\u00e3o escrita em contr\u00e1rio, pr\u00e9via \u00e0 realiza\u00e7\u00e3o da atividade, o participante nas atividades cede todos os direitos e autoriza a utiliza\u00e7\u00e3o das fotos e v\u00eddeos recolhidos durante as atividades e nos per\u00edodos antes e depois das mesmas, para coloca\u00e7\u00e3o no site, redes sociais e envio do material audiovisual a todos os clientes e em a\u00e7\u00f5es de marketing e publicidade do Clube do Paiva ou parceiros desta. Reservam-se ainda todos os direitos de autor ao Clube do Paiva.<\/p>\n<h3>11. Privacidade<\/h3>\n<p>O Clube do Paiva garante por todos os meios poss\u00edveis a confidencialidade de todos os dados fornecidos pelos seus clientes. Os titulares dos dados recolhidos s\u00e3o possuidores dos seguintes direitos:<\/p>\n<ul>\n<li>direito de informa\u00e7\u00e3o (art.\u00ba 10\u00ba da LPD), ou seja, no momento da recolha dever\u00e1 ser informado relativamente \u00e0 finalidade da mesma;<\/li>\n<li>direito de acesso, retifica\u00e7\u00e3o e elimina\u00e7\u00e3o (art.\u00ba 11 da LPD); e caso se aplicar;<\/li>\n<li>direito de oposi\u00e7\u00e3o (art.\u00ba 12\u00ba da LPD) \u00e0 utiliza\u00e7\u00e3o dos dados para fins de marketing ou comunica\u00e7\u00e3o a terceiras entidades.<\/li>\n<\/ul>\n<p>Caso deseje, a qualquer momento, deixar de fazer parte da base de dados Clube do Paiva poder\u00e1 exercer este direito atrav\u00e9s dos seguintes meios:<\/p>\n<p>E-mail: <a href=\"mailto:clubdopaiva@gmail.com\">clubdopaiva@gmail.com<\/a><\/p>\n<p>Tel\u00e9movel: +351 966 185 300<\/p>\n<h3>12. Sugest\u00f5es e Reclama\u00e7\u00f5es<\/h3>\n<p>A sua opini\u00e3o \u00e9 importante para n\u00f3s. Caso tenha alguma sugest\u00e3o ou reclama\u00e7\u00e3o n\u00e3o deixe de a apresentar, pois ser\u00e1 a melhor forma de melhorar o nosso servi\u00e7o e de resolvermos a contento todo e qualquer diferendo.<\/p>\n<h3>13. Validade<\/h3>\n<p>As presentes condi\u00e7\u00f5es podem ser revogadas ou alteradas sem comunica\u00e7\u00e3o pr\u00e9via por contratos, obriga\u00e7\u00f5es ou acordos entretanto assumidos paralelamente e por escrito.<\/p>\n<\/div><div class=\"fusion-clearfix\"><\/div>\n\n\t\t\t\t\t<\/div>\n\t\t\t\t<\/div><\/div><\/div>\n","protected":false},"excerpt":{"rendered":"","protected":false},"author":7,"featured_media":0,"parent":0,"menu_order":0,"comment_status":"closed","ping_status":"closed","template":"","meta":[],"acf":[],"yoast_head":"<!-- This site is optimized with the Yoast SEO plugin v18.0 - https:\/\/yoast.com\/wordpress\/plugins\/seo\/ -->\n<title>Termos e Condi\u00e7\u00f5es - Clube do Paiva<\/title>\n<meta name=\"robots\" content=\"index, follow, max-snippet:-1, max-image-preview:large, max-video-preview:-1\" \/>\n<link rel=\"canonical\" href=\"https:\/\/www.clubedopaiva.com\/pt-pt\/termos-e-condicoes\/\" \/>\n<meta property=\"og:locale\" content=\"pt_PT\" \/>\n<meta property=\"og:type\" content=\"article\" \/>\n<meta property=\"og:title\" content=\"Termos e Condi\u00e7\u00f5es - Clube do Paiva\" \/>\n<meta property=\"og:url\" content=\"https:\/\/www.clubedopaiva.com\/pt-pt\/termos-e-condicoes\/\" \/>\n<meta property=\"og:site_name\" content=\"Clube do Paiva\" \/>\n<meta property=\"article:publisher\" content=\"http:\/\/www.facebook.com\/clubedopaiva\" \/>\n<meta property=\"article:modified_time\" content=\"2023-06-10T19:35:26+00:00\" \/>\n<meta name=\"twitter:card\" content=\"summary_large_image\" \/>\n<meta name=\"twitter:label1\" content=\"Tempo estimado de leitura\" \/>\n\t<meta name=\"twitter:data1\" content=\"11 minutos\" \/>\n<script type=\"application\/ld+json\" class=\"yoast-schema-graph\">{\"@context\":\"https:\/\/schema.org\",\"@graph\":[{\"@type\":\"Organization\",\"@id\":\"https:\/\/www.clubedopaiva.com\/#organization\",\"name\":\"Clube do Piava\",\"url\":\"https:\/\/www.clubedopaiva.com\/\",\"sameAs\":[\"http:\/\/www.facebook.com\/clubedopaiva\",\"http:\/\/www.youtube.com\/clubedopaiva\"],\"logo\":{\"@type\":\"ImageObject\",\"@id\":\"https:\/\/www.clubedopaiva.com\/#logo\",\"inLanguage\":\"pt-PT\",\"url\":\"http:\/\/www.clubedopaiva.com\/wp-content\/uploads\/2016\/12\/clube-do-paiva-logo-jagged-131-177.png\",\"contentUrl\":\"http:\/\/www.clubedopaiva.com\/wp-content\/uploads\/2016\/12\/clube-do-paiva-logo-jagged-131-177.png\",\"width\":131,\"height\":177,\"caption\":\"Clube do Piava\"},\"image\":{\"@id\":\"https:\/\/www.clubedopaiva.com\/#logo\"}},{\"@type\":\"WebSite\",\"@id\":\"https:\/\/www.clubedopaiva.com\/#website\",\"url\":\"https:\/\/www.clubedopaiva.com\/\",\"name\":\"Clube do Paiva\",\"description\":\"The River Experts\",\"publisher\":{\"@id\":\"https:\/\/www.clubedopaiva.com\/#organization\"},\"potentialAction\":[{\"@type\":\"SearchAction\",\"target\":{\"@type\":\"EntryPoint\",\"urlTemplate\":\"https:\/\/www.clubedopaiva.com\/?s={search_term_string}\"},\"query-input\":\"required name=search_term_string\"}],\"inLanguage\":\"pt-PT\"},{\"@type\":\"WebPage\",\"@id\":\"https:\/\/www.clubedopaiva.com\/pt-pt\/termos-e-condicoes\/#webpage\",\"url\":\"https:\/\/www.clubedopaiva.com\/pt-pt\/termos-e-condicoes\/\",\"name\":\"Termos e Condi\u00e7\u00f5es - Clube do Paiva\",\"isPartOf\":{\"@id\":\"https:\/\/www.clubedopaiva.com\/#website\"},\"datePublished\":\"2022-01-31T13:00:03+00:00\",\"dateModified\":\"2023-06-10T19:35:26+00:00\",\"breadcrumb\":{\"@id\":\"https:\/\/www.clubedopaiva.com\/pt-pt\/termos-e-condicoes\/#breadcrumb\"},\"inLanguage\":\"pt-PT\",\"potentialAction\":[{\"@type\":\"ReadAction\",\"target\":[\"https:\/\/www.clubedopaiva.com\/pt-pt\/termos-e-condicoes\/\"]}]},{\"@type\":\"BreadcrumbList\",\"@id\":\"https:\/\/www.clubedopaiva.com\/pt-pt\/termos-e-condicoes\/#breadcrumb\",\"itemListElement\":[{\"@type\":\"ListItem\",\"position\":1,\"name\":\"Home\",\"item\":\"https:\/\/www.clubedopaiva.com\/pt-pt\/\"},{\"@type\":\"ListItem\",\"position\":2,\"name\":\"Termos e Condi\u00e7\u00f5es\"}]}]}<\/script>\n<!-- \/ Yoast SEO plugin. -->","yoast_head_json":{"title":"Termos e Condi\u00e7\u00f5es - Clube do Paiva","robots":{"index":"index","follow":"follow","max-snippet":"max-snippet:-1","max-image-preview":"max-image-preview:large","max-video-preview":"max-video-preview:-1"},"canonical":"https:\/\/www.clubedopaiva.com\/pt-pt\/termos-e-condicoes\/","og_locale":"pt_PT","og_type":"article","og_title":"Termos e Condi\u00e7\u00f5es - Clube do Paiva","og_url":"https:\/\/www.clubedopaiva.com\/pt-pt\/termos-e-condicoes\/","og_site_name":"Clube do Paiva","article_publisher":"http:\/\/www.facebook.com\/clubedopaiva","article_modified_time":"2023-06-10T19:35:26+00:00","twitter_card":"summary_large_image","twitter_misc":{"Tempo estimado de leitura":"11 minutos"},"schema":{"@context":"https:\/\/schema.org","@graph":[{"@type":"Organization","@id":"https:\/\/www.clubedopaiva.com\/#organization","name":"Clube do Piava","url":"https:\/\/www.clubedopaiva.com\/","sameAs":["http:\/\/www.facebook.com\/clubedopaiva","http:\/\/www.youtube.com\/clubedopaiva"],"logo":{"@type":"ImageObject","@id":"https:\/\/www.clubedopaiva.com\/#logo","inLanguage":"pt-PT","url":"http:\/\/www.clubedopaiva.com\/wp-content\/uploads\/2016\/12\/clube-do-paiva-logo-jagged-131-177.png","contentUrl":"http:\/\/www.clubedopaiva.com\/wp-content\/uploads\/2016\/12\/clube-do-paiva-logo-jagged-131-177.png","width":131,"height":177,"caption":"Clube do Piava"},"image":{"@id":"https:\/\/www.clubedopaiva.com\/#logo"}},{"@type":"WebSite","@id":"https:\/\/www.clubedopaiva.com\/#website","url":"https:\/\/www.clubedopaiva.com\/","name":"Clube do Paiva","description":"The River Experts","publisher":{"@id":"https:\/\/www.clubedopaiva.com\/#organization"},"potentialAction":[{"@type":"SearchAction","target":{"@type":"EntryPoint","urlTemplate":"https:\/\/www.clubedopaiva.com\/?s={search_term_string}"},"query-input":"required name=search_term_string"}],"inLanguage":"pt-PT"},{"@type":"WebPage","@id":"https:\/\/www.clubedopaiva.com\/pt-pt\/termos-e-condicoes\/#webpage","url":"https:\/\/www.clubedopaiva.com\/pt-pt\/termos-e-condicoes\/","name":"Termos e Condi\u00e7\u00f5es - Clube do Paiva","isPartOf":{"@id":"https:\/\/www.clubedopaiva.com\/#website"},"datePublished":"2022-01-31T13:00:03+00:00","dateModified":"2023-06-10T19:35:26+00:00","breadcrumb":{"@id":"https:\/\/www.clubedopaiva.com\/pt-pt\/termos-e-condicoes\/#breadcrumb"},"inLanguage":"pt-PT","potentialAction":[{"@type":"ReadAction","target":["https:\/\/www.clubedopaiva.com\/pt-pt\/termos-e-condicoes\/"]}]},{"@type":"BreadcrumbList","@id":"https:\/\/www.clubedopaiva.com\/pt-pt\/termos-e-condicoes\/#breadcrumb","itemListElement":[{"@type":"ListItem","position":1,"name":"Home","item":"https:\/\/www.clubedopaiva.com\/pt-pt\/"},{"@type":"ListItem","position":2,"name":"Termos e Condi\u00e7\u00f5es"}]}]}},"_links":{"self":[{"href":"https:\/\/www.clubedopaiva.com\/pt-pt\/wp-json\/wp\/v2\/pages\/2402"}],"collection":[{"href":"https:\/\/www.clubedopaiva.com\/pt-pt\/wp-json\/wp\/v2\/pages"}],"about":[{"href":"https:\/\/www.clubedopaiva.com\/pt-pt\/wp-json\/wp\/v2\/types\/page"}],"author":[{"embeddable":true,"href":"https:\/\/www.clubedopaiva.com\/pt-pt\/wp-json\/wp\/v2\/users\/7"}],"replies":[{"embeddable":true,"href":"https:\/\/www.clubedopaiva.com\/pt-pt\/wp-json\/wp\/v2\/comments?post=2402"}],"version-history":[{"count":3,"href":"https:\/\/www.clubedopaiva.com\/pt-pt\/wp-json\/wp\/v2\/pages\/2402\/revisions"}],"predecessor-version":[{"id":2496,"href":"https:\/\/www.clubedopaiva.com\/pt-pt\/wp-json\/wp\/v2\/pages\/2402\/revisions\/2496"}],"wp:attachment":[{"href":"https:\/\/www.clubedopaiva.com\/pt-pt\/wp-json\/wp\/v2\/media?parent=2402"}],"curies":[{"name":"wp","href":"https:\/\/api.w.org\/{rel}","templated":true}]}}