{"id":2393,"date":"2022-01-31T12:41:38","date_gmt":"2022-01-31T12:41:38","guid":{"rendered":"https:\/\/www.clubedopaiva.com\/?page_id=2393"},"modified":"2022-01-31T12:47:11","modified_gmt":"2022-01-31T12:47:11","slug":"reserve-ja","status":"publish","type":"page","link":"https:\/\/www.clubedopaiva.com\/pt-pt\/reserve-ja\/","title":{"rendered":"Reserve J\u00e1"},"content":{"rendered":"<div class=\"fusion-fullwidth fullwidth-box nonhundred-percent-fullwidth non-hundred-percent-height-scrolling\"  style='background-color: #ffffff;background-position: center center;background-repeat: no-repeat;padding-right:0px;padding-bottom:0px;padding-left:0px;margin-bottom: 54px;'><div class=\"fusion-builder-row fusion-row \"><div  class=\"fusion-layout-column fusion_builder_column fusion_builder_column_1_6 fusion-builder-column-1 fusion-one-sixth fusion-column-first 1_6\"  style='margin-top:0px;margin-bottom:20px;width:16.66%;width:calc(16.66% - ( ( 4% + 4% ) * 0.1666 ) );margin-right: 4%;'>\n\t\t\t\t\t<div class=\"fusion-column-wrapper\" style=\"padding: 0px 0px 0px 0px;background-position:left top;background-repeat:no-repeat;-webkit-background-size:cover;-moz-background-size:cover;-o-background-size:cover;background-size:cover;\"   data-bg-url=\"\">\n\t\t\t\t\t\t<div class=\"fusion-clearfix\"><\/div>\n\n\t\t\t\t\t<\/div>\n\t\t\t\t<\/div><div  class=\"fusion-layout-column fusion_builder_column fusion_builder_column_2_3 fusion-builder-column-2 fusion-two-third fusion-blend-mode 2_3\"  style='margin-top:0px;margin-bottom:0px;width:66.66%;width:calc(66.66% - ( ( 4% + 4% ) * 0.6666 ) );margin-right: 4%;'>\n\t\t\t\t\t<div class=\"fusion-column-wrapper\" style=\"background-color:#ffffff;padding: 0px 24px 0px 24px;background-position:left top;background-repeat:no-repeat;-webkit-background-size:cover;-moz-background-size:cover;-o-background-size:cover;background-size:cover;\"   data-bg-url=\"\">\n\t\t\t\t\t\t<div class=\"fusion-text\"><div role=\"form\" class=\"wpcf7\" id=\"wpcf7-f2395-o1\" lang=\"en-US\" dir=\"ltr\">\n<div class=\"screen-reader-response\"><p role=\"status\" aria-live=\"polite\" aria-atomic=\"true\"><\/p> <ul><\/ul><\/div>\n<form action=\"\/pt-pt\/wp-json\/wp\/v2\/pages\/2393#wpcf7-f2395-o1\" method=\"post\" class=\"wpcf7-form init\" novalidate=\"novalidate\" data-status=\"init\">\n<div style=\"display: none;\">\n<input type=\"hidden\" name=\"_wpcf7\" value=\"2395\" \/>\n<input type=\"hidden\" name=\"_wpcf7_version\" value=\"5.5.4\" \/>\n<input type=\"hidden\" name=\"_wpcf7_locale\" value=\"en_US\" \/>\n<input type=\"hidden\" name=\"_wpcf7_unit_tag\" value=\"wpcf7-f2395-o1\" \/>\n<input type=\"hidden\" name=\"_wpcf7_container_post\" value=\"0\" \/>\n<input type=\"hidden\" name=\"_wpcf7_posted_data_hash\" value=\"\" \/>\n<input type=\"hidden\" name=\"_wpcf7_recaptcha_response\" value=\"\" \/>\n<\/div>\n<div class=\"enquire-form\">\n<div class=\"form-col-lg-12 form-title\">\n<h3>Preencha o formul\u00e1rio de reserva abaixo e entraremos em contato em breve.<\/h3>\n<\/div>\n<div class=\"form-col-lg-9 form-col-xs-12\">\n\t\t<b>Nome<span class=\"require-field\">*<\/span><\/b>\n\t<\/div>\n<div class=\"form-col-lg-3 form-col-xs-12 visible-xs\">\n\t\t<b>G\u00eanero<span class=\"require-field\">*<\/span><\/b>\n\t<\/div>\n<div class=\"form-col-lg-3 form-col-xs-12 first-name-col\">\n<div><span class=\"wpcf7-form-control-wrap first-name\"><input type=\"text\" name=\"first-name\" value=\"\" size=\"40\" class=\"wpcf7-form-control wpcf7-text wpcf7-validates-as-required\" aria-required=\"true\" aria-invalid=\"false\" placeholder=\"Nome\" \/><\/span><\/div>\n<\/div>\n<div class=\"form-col-lg-3 form-col-xs-12 last-name-col\">\n\t\t<label><span class=\"wpcf7-form-control-wrap last-name\"><input type=\"text\" name=\"last-name\" value=\"\" size=\"40\" class=\"wpcf7-form-control wpcf7-text wpcf7-validates-as-required\" aria-required=\"true\" aria-invalid=\"false\" placeholder=\"Apelido\" \/><\/span><\/label>\n\t<\/div>\n<div class=\"form-col-xs-12 visible-lg\">\n\t\t<b>G\u00eanero<span class=\"require-field\">*<\/span><\/b>\n\t<\/div>\n<div class=\"form-col-lg-3 form-col-xs-12\">\n\t\t<label><span class=\"wpcf7-form-control-wrap gender\"><select name=\"gender\" class=\"wpcf7-form-control wpcf7-select wpcf7-validates-as-required\" aria-required=\"true\" aria-invalid=\"false\"><option value=\"\">Selecione<\/option><option value=\"Feminino\">Feminino<\/option><option value=\"Masculino\">Masculino<\/option><\/select><\/span><\/label>\n\t<\/div>\n<div class=\"form-col-lg-6 form-col-xs-12\">\n\t\t<label><b>E-mail<span class=\"require-field\">*<\/span><\/b><span class=\"wpcf7-form-control-wrap customer-email\"><input type=\"email\" name=\"customer-email\" value=\"\" size=\"40\" class=\"wpcf7-form-control wpcf7-text wpcf7-email wpcf7-validates-as-required wpcf7-validates-as-email\" aria-required=\"true\" aria-invalid=\"false\" placeholder=\"Insira o e-mail\" \/><\/span><\/label>\n\t<\/div>\n<div class=\"form-col-lg-6 form-col-xs-12\">\n\t\t<label><b>Telefone<span class=\"require-field\">*<\/span><\/b><span class=\"wpcf7-form-control-wrap customer-phone\"><input type=\"tel\" name=\"customer-phone\" value=\"\" size=\"40\" class=\"wpcf7-form-control wpcf7-text wpcf7-tel wpcf7-validates-as-required wpcf7-validates-as-tel\" aria-required=\"true\" aria-invalid=\"false\" placeholder=\"Inserir telefone\" \/><\/span><\/label>\n\t<\/div>\n<div class=\"form-col-lg-12\">\n\t\t<b>Atividade<span class=\"require-field\">*<\/span><\/b><span class=\"wpcf7-form-control-wrap activity\"><span class=\"wpcf7-form-control wpcf7-checkbox wpcf7-validates-as-required\"><span class=\"wpcf7-list-item first\"><input type=\"checkbox\" name=\"activity[]\" value=\"Rafting\" \/><span class=\"wpcf7-list-item-label\">Rafting<\/span><\/span><span class=\"wpcf7-list-item\"><input type=\"checkbox\" name=\"activity[]\" value=\"Canyoning\" \/><span class=\"wpcf7-list-item-label\">Canyoning<\/span><\/span><span class=\"wpcf7-list-item\"><input type=\"checkbox\" name=\"activity[]\" value=\"Canoeing\" \/><span class=\"wpcf7-list-item-label\">Canoeing<\/span><\/span><span class=\"wpcf7-list-item\"><input type=\"checkbox\" name=\"activity[]\" value=\"River Trekking\" \/><span class=\"wpcf7-list-item-label\">River Trekking<\/span><\/span><span class=\"wpcf7-list-item\"><input type=\"checkbox\" name=\"activity[]\" value=\"Aluguer\" \/><span class=\"wpcf7-list-item-label\">Aluguer<\/span><\/span><span class=\"wpcf7-list-item\"><input type=\"checkbox\" name=\"activity[]\" value=\"Team Building\" \/><span class=\"wpcf7-list-item-label\">Team Building<\/span><\/span><span class=\"wpcf7-list-item last\"><input type=\"checkbox\" name=\"activity[]\" value=\"Atividades Inclusivas\" \/><span class=\"wpcf7-list-item-label\">Atividades Inclusivas<\/span><\/span><\/span><\/span>\n\t<\/div>\n<div class=\"form-col-lg-6 form-col-xs-12\">\n\t\t<label><b>Data<span class=\"require-field\">*<\/span><\/b><span class=\"wpcf7-form-control-wrap date-activity\"><input type=\"date\" name=\"date-activity\" value=\"\" class=\"wpcf7-form-control wpcf7-date wpcf7-validates-as-required wpcf7-validates-as-date\" aria-required=\"true\" aria-invalid=\"false\" \/><\/span><\/label>\n\t<\/div>\n<div class=\"form-col-lg-6 form-col-xs-12\">\n\t\t<label><b>N\u00famero de Pessoas<span class=\"require-field\">*<\/span><\/b><span class=\"wpcf7-form-control-wrap number-people\"><input type=\"number\" name=\"number-people\" value=\"\" class=\"wpcf7-form-control wpcf7-number wpcf7-validates-as-required wpcf7-validates-as-number\" min=\"1\" aria-required=\"true\" aria-invalid=\"false\" placeholder=\"Inserir n\u00famero\" \/><\/span><\/label>\n\t<\/div>\n<div class=\"form-col-lg-12\">\n\t\t<b>Informa\u00e7\u00e3o Adicional<span class=\"require-field\">*<\/span><\/b><span class=\"wpcf7-form-control-wrap aditional-info\"><textarea name=\"aditional-info\" cols=\"40\" rows=\"10\" maxlength=\"400\" class=\"wpcf7-form-control wpcf7-textarea wpcf7-validates-as-required\" aria-required=\"true\" aria-invalid=\"false\" placeholder=\"Deixe-nos saber se voc\u00ea precisar de alguma informa\u00e7\u00e3o adicional ou tiver alguma d\u00favida...\"><\/textarea><\/span><span class=\"char-count\"><span class=\"wpcf7-character-count up\" data-target-name=\"aditional-info\" data-starting-value=\"0\" data-current-value=\"0\" data-maximum-value=\"400\">0<\/span> de 400 caracteres no m\u00e1ximo<\/span>\n\t<\/div>\n<div class=\"form-col-lg-12 form-submit\"><input type=\"submit\" value=\"Reservar\" class=\"wpcf7-form-control has-spinner wpcf7-submit\" \/><\/div>\n<\/div>\n<div class=\"fusion-alert alert custom alert-custom fusion-alert-center wpcf7-response-output fusion-alert-capitalize alert-dismissable\" style=\"border-width:1px;\"><button style=\"color:;border-color:;\" type=\"button\" class=\"close toggle-alert\" data-dismiss=\"alert\" aria-hidden=\"true\">&times;<\/button><div class=\"fusion-alert-content-wrapper\"><span class=\"fusion-alert-content\"><\/span><\/div><\/div><\/form><\/div>\n<\/div><div class=\"fusion-clearfix\"><\/div>\n\n\t\t\t\t\t<\/div>\n\t\t\t\t<\/div><div  class=\"fusion-layout-column fusion_builder_column fusion_builder_column_1_6 fusion-builder-column-3 fusion-one-sixth fusion-column-last 1_6\"  style='margin-top:0px;margin-bottom:20px;width:16.66%;width:calc(16.66% - ( ( 4% + 4% ) * 0.1666 ) );'>\n\t\t\t\t\t<div class=\"fusion-column-wrapper\" style=\"padding: 0px 0px 0px 0px;background-position:left top;background-repeat:no-repeat;-webkit-background-size:cover;-moz-background-size:cover;-o-background-size:cover;background-size:cover;\"   data-bg-url=\"\">\n\t\t\t\t\t\t<div class=\"fusion-clearfix\"><\/div>\n\n\t\t\t\t\t<\/div>\n\t\t\t\t<\/div><\/div><\/div>\n","protected":false},"excerpt":{"rendered":"","protected":false},"author":7,"featured_media":0,"parent":0,"menu_order":0,"comment_status":"closed","ping_status":"closed","template":"100-width.php","meta":[],"acf":[],"yoast_head":"<!-- This site is optimized with the Yoast SEO plugin v18.0 - https:\/\/yoast.com\/wordpress\/plugins\/seo\/ -->\n<title>Reserve um dia de Rafting, Canyoning, Canoa, River Trekking entre outros<\/title>\n<meta name=\"description\" content=\"Reserve j\u00e1 uma experi\u00eancia no rio com atividades de Rafting, Canyoning, Canoa, River Trekking com aventureiros, amigos, fam\u00edlias e crian\u00e7as.\" \/>\n<meta name=\"robots\" content=\"index, follow, max-snippet:-1, max-image-preview:large, max-video-preview:-1\" \/>\n<link rel=\"canonical\" href=\"https:\/\/www.clubedopaiva.com\/pt-pt\/reserve-ja\/\" \/>\n<meta property=\"og:locale\" content=\"pt_PT\" \/>\n<meta property=\"og:type\" content=\"article\" \/>\n<meta property=\"og:title\" content=\"Reserve um dia de Rafting, Canyoning, Canoa, River Trekking entre outros\" \/>\n<meta property=\"og:description\" content=\"Reserve j\u00e1 uma experi\u00eancia no rio com atividades de Rafting, Canyoning, Canoa, River Trekking com aventureiros, amigos, fam\u00edlias e crian\u00e7as.\" \/>\n<meta property=\"og:url\" content=\"https:\/\/www.clubedopaiva.com\/pt-pt\/reserve-ja\/\" \/>\n<meta property=\"og:site_name\" content=\"Clube do Paiva\" \/>\n<meta property=\"article:publisher\" content=\"http:\/\/www.facebook.com\/clubedopaiva\" \/>\n<meta property=\"article:modified_time\" content=\"2022-01-31T12:47:11+00:00\" \/>\n<meta name=\"twitter:card\" content=\"summary_large_image\" \/>\n<meta name=\"twitter:label1\" content=\"Tempo estimado de leitura\" \/>\n\t<meta name=\"twitter:data1\" content=\"1 minuto\" \/>\n<script type=\"application\/ld+json\" class=\"yoast-schema-graph\">{\"@context\":\"https:\/\/schema.org\",\"@graph\":[{\"@type\":\"Organization\",\"@id\":\"https:\/\/www.clubedopaiva.com\/#organization\",\"name\":\"Clube do Piava\",\"url\":\"https:\/\/www.clubedopaiva.com\/\",\"sameAs\":[\"http:\/\/www.facebook.com\/clubedopaiva\",\"http:\/\/www.youtube.com\/clubedopaiva\"],\"logo\":{\"@type\":\"ImageObject\",\"@id\":\"https:\/\/www.clubedopaiva.com\/#logo\",\"inLanguage\":\"pt-PT\",\"url\":\"http:\/\/www.clubedopaiva.com\/wp-content\/uploads\/2016\/12\/clube-do-paiva-logo-jagged-131-177.png\",\"contentUrl\":\"http:\/\/www.clubedopaiva.com\/wp-content\/uploads\/2016\/12\/clube-do-paiva-logo-jagged-131-177.png\",\"width\":131,\"height\":177,\"caption\":\"Clube do Piava\"},\"image\":{\"@id\":\"https:\/\/www.clubedopaiva.com\/#logo\"}},{\"@type\":\"WebSite\",\"@id\":\"https:\/\/www.clubedopaiva.com\/#website\",\"url\":\"https:\/\/www.clubedopaiva.com\/\",\"name\":\"Clube do Paiva\",\"description\":\"The River Experts\",\"publisher\":{\"@id\":\"https:\/\/www.clubedopaiva.com\/#organization\"},\"potentialAction\":[{\"@type\":\"SearchAction\",\"target\":{\"@type\":\"EntryPoint\",\"urlTemplate\":\"https:\/\/www.clubedopaiva.com\/?s={search_term_string}\"},\"query-input\":\"required name=search_term_string\"}],\"inLanguage\":\"pt-PT\"},{\"@type\":\"WebPage\",\"@id\":\"https:\/\/www.clubedopaiva.com\/pt-pt\/reserve-ja\/#webpage\",\"url\":\"https:\/\/www.clubedopaiva.com\/pt-pt\/reserve-ja\/\",\"name\":\"Reserve um dia de Rafting, Canyoning, Canoa, River Trekking entre outros\",\"isPartOf\":{\"@id\":\"https:\/\/www.clubedopaiva.com\/#website\"},\"datePublished\":\"2022-01-31T12:41:38+00:00\",\"dateModified\":\"2022-01-31T12:47:11+00:00\",\"description\":\"Reserve j\u00e1 uma experi\u00eancia no rio com atividades de Rafting, Canyoning, Canoa, River Trekking com aventureiros, amigos, fam\u00edlias e crian\u00e7as.\",\"breadcrumb\":{\"@id\":\"https:\/\/www.clubedopaiva.com\/pt-pt\/reserve-ja\/#breadcrumb\"},\"inLanguage\":\"pt-PT\",\"potentialAction\":[{\"@type\":\"ReadAction\",\"target\":[\"https:\/\/www.clubedopaiva.com\/pt-pt\/reserve-ja\/\"]}]},{\"@type\":\"BreadcrumbList\",\"@id\":\"https:\/\/www.clubedopaiva.com\/pt-pt\/reserve-ja\/#breadcrumb\",\"itemListElement\":[{\"@type\":\"ListItem\",\"position\":1,\"name\":\"Home\",\"item\":\"https:\/\/www.clubedopaiva.com\/pt-pt\/\"},{\"@type\":\"ListItem\",\"position\":2,\"name\":\"Reserve J\u00e1\"}]}]}<\/script>\n<!-- \/ Yoast SEO plugin. -->","yoast_head_json":{"title":"Reserve um dia de Rafting, Canyoning, Canoa, River Trekking entre outros","description":"Reserve j\u00e1 uma experi\u00eancia no rio com atividades de Rafting, Canyoning, Canoa, River Trekking com aventureiros, amigos, fam\u00edlias e crian\u00e7as.","robots":{"index":"index","follow":"follow","max-snippet":"max-snippet:-1","max-image-preview":"max-image-preview:large","max-video-preview":"max-video-preview:-1"},"canonical":"https:\/\/www.clubedopaiva.com\/pt-pt\/reserve-ja\/","og_locale":"pt_PT","og_type":"article","og_title":"Reserve um dia de Rafting, Canyoning, Canoa, River Trekking entre outros","og_description":"Reserve j\u00e1 uma experi\u00eancia no rio com atividades de Rafting, Canyoning, Canoa, River Trekking com aventureiros, amigos, fam\u00edlias e crian\u00e7as.","og_url":"https:\/\/www.clubedopaiva.com\/pt-pt\/reserve-ja\/","og_site_name":"Clube do Paiva","article_publisher":"http:\/\/www.facebook.com\/clubedopaiva","article_modified_time":"2022-01-31T12:47:11+00:00","twitter_card":"summary_large_image","twitter_misc":{"Tempo estimado de leitura":"1 minuto"},"schema":{"@context":"https:\/\/schema.org","@graph":[{"@type":"Organization","@id":"https:\/\/www.clubedopaiva.com\/#organization","name":"Clube do Piava","url":"https:\/\/www.clubedopaiva.com\/","sameAs":["http:\/\/www.facebook.com\/clubedopaiva","http:\/\/www.youtube.com\/clubedopaiva"],"logo":{"@type":"ImageObject","@id":"https:\/\/www.clubedopaiva.com\/#logo","inLanguage":"pt-PT","url":"http:\/\/www.clubedopaiva.com\/wp-content\/uploads\/2016\/12\/clube-do-paiva-logo-jagged-131-177.png","contentUrl":"http:\/\/www.clubedopaiva.com\/wp-content\/uploads\/2016\/12\/clube-do-paiva-logo-jagged-131-177.png","width":131,"height":177,"caption":"Clube do Piava"},"image":{"@id":"https:\/\/www.clubedopaiva.com\/#logo"}},{"@type":"WebSite","@id":"https:\/\/www.clubedopaiva.com\/#website","url":"https:\/\/www.clubedopaiva.com\/","name":"Clube do Paiva","description":"The River Experts","publisher":{"@id":"https:\/\/www.clubedopaiva.com\/#organization"},"potentialAction":[{"@type":"SearchAction","target":{"@type":"EntryPoint","urlTemplate":"https:\/\/www.clubedopaiva.com\/?s={search_term_string}"},"query-input":"required name=search_term_string"}],"inLanguage":"pt-PT"},{"@type":"WebPage","@id":"https:\/\/www.clubedopaiva.com\/pt-pt\/reserve-ja\/#webpage","url":"https:\/\/www.clubedopaiva.com\/pt-pt\/reserve-ja\/","name":"Reserve um dia de Rafting, Canyoning, Canoa, River Trekking entre outros","isPartOf":{"@id":"https:\/\/www.clubedopaiva.com\/#website"},"datePublished":"2022-01-31T12:41:38+00:00","dateModified":"2022-01-31T12:47:11+00:00","description":"Reserve j\u00e1 uma experi\u00eancia no rio com atividades de Rafting, Canyoning, Canoa, River Trekking com aventureiros, amigos, fam\u00edlias e crian\u00e7as.","breadcrumb":{"@id":"https:\/\/www.clubedopaiva.com\/pt-pt\/reserve-ja\/#breadcrumb"},"inLanguage":"pt-PT","potentialAction":[{"@type":"ReadAction","target":["https:\/\/www.clubedopaiva.com\/pt-pt\/reserve-ja\/"]}]},{"@type":"BreadcrumbList","@id":"https:\/\/www.clubedopaiva.com\/pt-pt\/reserve-ja\/#breadcrumb","itemListElement":[{"@type":"ListItem","position":1,"name":"Home","item":"https:\/\/www.clubedopaiva.com\/pt-pt\/"},{"@type":"ListItem","position":2,"name":"Reserve J\u00e1"}]}]}},"_links":{"self":[{"href":"https:\/\/www.clubedopaiva.com\/pt-pt\/wp-json\/wp\/v2\/pages\/2393"}],"collection":[{"href":"https:\/\/www.clubedopaiva.com\/pt-pt\/wp-json\/wp\/v2\/pages"}],"about":[{"href":"https:\/\/www.clubedopaiva.com\/pt-pt\/wp-json\/wp\/v2\/types\/page"}],"author":[{"embeddable":true,"href":"https:\/\/www.clubedopaiva.com\/pt-pt\/wp-json\/wp\/v2\/users\/7"}],"replies":[{"embeddable":true,"href":"https:\/\/www.clubedopaiva.com\/pt-pt\/wp-json\/wp\/v2\/comments?post=2393"}],"version-history":[{"count":2,"href":"https:\/\/www.clubedopaiva.com\/pt-pt\/wp-json\/wp\/v2\/pages\/2393\/revisions"}],"predecessor-version":[{"id":2396,"href":"https:\/\/www.clubedopaiva.com\/pt-pt\/wp-json\/wp\/v2\/pages\/2393\/revisions\/2396"}],"wp:attachment":[{"href":"https:\/\/www.clubedopaiva.com\/pt-pt\/wp-json\/wp\/v2\/media?parent=2393"}],"curies":[{"name":"wp","href":"https:\/\/api.w.org\/{rel}","templated":true}]}}