{"id":2358,"date":"2022-01-20T18:08:50","date_gmt":"2022-01-20T18:08:50","guid":{"rendered":"https:\/\/www.clubedopaiva.com\/?page_id=2358"},"modified":"2022-01-31T12:54:29","modified_gmt":"2022-01-31T12:54:29","slug":"passadicos-do-paiva","status":"publish","type":"page","link":"https:\/\/www.clubedopaiva.com\/pt-pt\/passadicos-do-paiva\/","title":{"rendered":"Passadi\u00e7os do Paiva"},"content":{"rendered":"<p><div class=\"fusion-fullwidth fullwidth-box cdp-slider-enquiry-button-container nonhundred-percent-fullwidth non-hundred-percent-height-scrolling\"  style='background-color: rgba(255,255,255,0);background-position: center center;background-repeat: no-repeat;padding-top:0px;padding-right:0px;padding-bottom:0px;padding-left:0px;'><div class=\"fusion-builder-row fusion-row \"><div  class=\"fusion-layout-column fusion_builder_column fusion_builder_column_1_1 fusion-builder-column-1 fusion-one-full fusion-column-first fusion-column-last 1_1\"  style='margin-top:0px;margin-bottom:20px;'>\n\t\t\t\t\t<div class=\"fusion-column-wrapper\" style=\"padding: 0px 0px 0px 0px;background-position:left top;background-repeat:no-repeat;-webkit-background-size:cover;-moz-background-size:cover;-o-background-size:cover;background-size:cover;\"   data-bg-url=\"\">\n\t\t\t\t\t\t<div class=\"fusion-button-wrapper fusion-aligncenter\"><a class=\"fusion-button button-flat fusion-button-default-shape fusion-button-default-size button-default button-1 fusion-button-default-span fusion-button-default-type\" target=\"_self\" href=\"https:\/\/www.clubedopaiva.com\/pt-pt\/reserve-ja\/\"><span class=\"fusion-button-text\">Reserve J\u00e1<\/span><\/a><\/div><div class=\"fusion-clearfix\"><\/div>\n\n\t\t\t\t\t<\/div>\n\t\t\t\t<\/div><\/div><\/div><div class=\"fusion-fullwidth fullwidth-box cdp-intro-container nonhundred-percent-fullwidth non-hundred-percent-height-scrolling\"  style='background-color: #ffffff;background-position: center center;background-repeat: no-repeat;padding-top:0px;padding-right:0px;padding-bottom:0px;padding-left:0px;'><div class=\"fusion-builder-row fusion-row \"><div  class=\"fusion-layout-column fusion_builder_column fusion_builder_column_1_1 fusion-builder-column-2 fusion-one-full fusion-column-first fusion-column-last cdp-body-font-intro-title 1_1\"  style='margin-top:0px;margin-bottom:0px;'>\n\t\t\t\t\t<div class=\"fusion-column-wrapper\" style=\"padding: 0px 0px 0px 0px;background-position:left top;background-repeat:no-repeat;-webkit-background-size:cover;-moz-background-size:cover;-o-background-size:cover;background-size:cover;\"   data-bg-url=\"\">\n\t\t\t\t\t\t<div class=\"fusion-text\"><p>Uma viagem para o cora\u00e7\u00e3o, a alma e a mente de qualquer amante da natureza.<\/p>\n<\/div><div class=\"fusion-clearfix\"><\/div>\n\n\t\t\t\t\t<\/div>\n\t\t\t\t<\/div><\/div><\/div><div class=\"fusion-fullwidth fullwidth-box cdp-text-content-container-small-margin-top nonhundred-percent-fullwidth non-hundred-percent-height-scrolling\"  style='background-color: #ffffff;background-position: center center;background-repeat: no-repeat;padding-top:0px;padding-right:0px;padding-bottom:0px;padding-left:0px;margin-bottom: 60px;'><div class=\"fusion-builder-row fusion-row \"><div  class=\"fusion-layout-column fusion_builder_column fusion_builder_column_1_1 fusion-builder-column-3 fusion-one-full fusion-column-first fusion-column-last 1_1\"  style='margin-top:0px;margin-bottom:0px;'>\n\t\t\t\t\t<div class=\"fusion-column-wrapper\" style=\"padding: 0px 0px 0px 0px;background-position:left top;background-repeat:no-repeat;-webkit-background-size:cover;-moz-background-size:cover;-o-background-size:cover;background-size:cover;\"   data-bg-url=\"\">\n\t\t\t\t\t\t<div class=\"fusion-text\"><p>Os Passadi\u00e7os do Paiva est\u00e3o localizados na margem esquerda do Rio Paiva, no conselho de Arouca. Este percurso tem 8km de extens\u00e3o e proporciona um passeio rodeado de paisagens de beleza \u00edmpar. Um aut\u00eantico santu\u00e1rio natural junto a valiosas descidas de \u00e1guas, cristais de quartzo e esp\u00e9cies amea\u00e7adas de extin\u00e7\u00e3o na Europa.<\/p>\n<p>O percurso estende-se entre as praias fluviais do Areinho e da Espiunca, encontrando-se a meio a praia do Vau.<\/p>\n<p>Fa\u00e7a a sua reserva pelo site <a href=\"http:\/\/www.passadicosdopaiva.pt\">www.passadicosdopaiva.pt<\/a>. Venha visitar-nos e conhecer o restante territ\u00f3rio do Geopark reconhecido pela UNESCO com patrim\u00f3nio Geol\u00f3gico da Humanidade.<\/p>\n<\/div><div class=\"fusion-clearfix\"><\/div>\n\n\t\t\t\t\t<\/div>\n\t\t\t\t<\/div><\/div><\/div><\/p>\n","protected":false},"excerpt":{"rendered":"","protected":false},"author":7,"featured_media":0,"parent":0,"menu_order":0,"comment_status":"closed","ping_status":"closed","template":"100-width.php","meta":[],"acf":[],"yoast_head":"<!-- This site is optimized with the Yoast SEO plugin v18.0 - https:\/\/yoast.com\/wordpress\/plugins\/seo\/ -->\n<title>Passadi\u00e7os do Paiva - Clube do Paiva<\/title>\n<meta name=\"robots\" content=\"index, follow, max-snippet:-1, max-image-preview:large, max-video-preview:-1\" \/>\n<link rel=\"canonical\" href=\"https:\/\/www.clubedopaiva.com\/pt-pt\/passadicos-do-paiva\/\" \/>\n<meta property=\"og:locale\" content=\"pt_PT\" \/>\n<meta property=\"og:type\" content=\"article\" \/>\n<meta property=\"og:title\" content=\"Passadi\u00e7os do Paiva - Clube do Paiva\" \/>\n<meta property=\"og:url\" content=\"https:\/\/www.clubedopaiva.com\/pt-pt\/passadicos-do-paiva\/\" \/>\n<meta property=\"og:site_name\" content=\"Clube do Paiva\" \/>\n<meta property=\"article:publisher\" content=\"http:\/\/www.facebook.com\/clubedopaiva\" \/>\n<meta property=\"article:modified_time\" content=\"2022-01-31T12:54:29+00:00\" \/>\n<meta name=\"twitter:card\" content=\"summary_large_image\" \/>\n<meta name=\"twitter:label1\" content=\"Tempo estimado de leitura\" \/>\n\t<meta name=\"twitter:data1\" content=\"4 minutos\" \/>\n<script type=\"application\/ld+json\" class=\"yoast-schema-graph\">{\"@context\":\"https:\/\/schema.org\",\"@graph\":[{\"@type\":\"Organization\",\"@id\":\"https:\/\/www.clubedopaiva.com\/#organization\",\"name\":\"Clube do Piava\",\"url\":\"https:\/\/www.clubedopaiva.com\/\",\"sameAs\":[\"http:\/\/www.facebook.com\/clubedopaiva\",\"http:\/\/www.youtube.com\/clubedopaiva\"],\"logo\":{\"@type\":\"ImageObject\",\"@id\":\"https:\/\/www.clubedopaiva.com\/#logo\",\"inLanguage\":\"pt-PT\",\"url\":\"http:\/\/www.clubedopaiva.com\/wp-content\/uploads\/2016\/12\/clube-do-paiva-logo-jagged-131-177.png\",\"contentUrl\":\"http:\/\/www.clubedopaiva.com\/wp-content\/uploads\/2016\/12\/clube-do-paiva-logo-jagged-131-177.png\",\"width\":131,\"height\":177,\"caption\":\"Clube do Piava\"},\"image\":{\"@id\":\"https:\/\/www.clubedopaiva.com\/#logo\"}},{\"@type\":\"WebSite\",\"@id\":\"https:\/\/www.clubedopaiva.com\/#website\",\"url\":\"https:\/\/www.clubedopaiva.com\/\",\"name\":\"Clube do Paiva\",\"description\":\"The River Experts\",\"publisher\":{\"@id\":\"https:\/\/www.clubedopaiva.com\/#organization\"},\"potentialAction\":[{\"@type\":\"SearchAction\",\"target\":{\"@type\":\"EntryPoint\",\"urlTemplate\":\"https:\/\/www.clubedopaiva.com\/?s={search_term_string}\"},\"query-input\":\"required name=search_term_string\"}],\"inLanguage\":\"pt-PT\"},{\"@type\":\"WebPage\",\"@id\":\"https:\/\/www.clubedopaiva.com\/pt-pt\/passadicos-do-paiva\/#webpage\",\"url\":\"https:\/\/www.clubedopaiva.com\/pt-pt\/passadicos-do-paiva\/\",\"name\":\"Passadi\u00e7os do Paiva - Clube do Paiva\",\"isPartOf\":{\"@id\":\"https:\/\/www.clubedopaiva.com\/#website\"},\"datePublished\":\"2022-01-20T18:08:50+00:00\",\"dateModified\":\"2022-01-31T12:54:29+00:00\",\"breadcrumb\":{\"@id\":\"https:\/\/www.clubedopaiva.com\/pt-pt\/passadicos-do-paiva\/#breadcrumb\"},\"inLanguage\":\"pt-PT\",\"potentialAction\":[{\"@type\":\"ReadAction\",\"target\":[\"https:\/\/www.clubedopaiva.com\/pt-pt\/passadicos-do-paiva\/\"]}]},{\"@type\":\"BreadcrumbList\",\"@id\":\"https:\/\/www.clubedopaiva.com\/pt-pt\/passadicos-do-paiva\/#breadcrumb\",\"itemListElement\":[{\"@type\":\"ListItem\",\"position\":1,\"name\":\"Home\",\"item\":\"https:\/\/www.clubedopaiva.com\/pt-pt\/\"},{\"@type\":\"ListItem\",\"position\":2,\"name\":\"Passadi\u00e7os do Paiva\"}]}]}<\/script>\n<!-- \/ Yoast SEO plugin. -->","yoast_head_json":{"title":"Passadi\u00e7os do Paiva - Clube do Paiva","robots":{"index":"index","follow":"follow","max-snippet":"max-snippet:-1","max-image-preview":"max-image-preview:large","max-video-preview":"max-video-preview:-1"},"canonical":"https:\/\/www.clubedopaiva.com\/pt-pt\/passadicos-do-paiva\/","og_locale":"pt_PT","og_type":"article","og_title":"Passadi\u00e7os do Paiva - Clube do Paiva","og_url":"https:\/\/www.clubedopaiva.com\/pt-pt\/passadicos-do-paiva\/","og_site_name":"Clube do Paiva","article_publisher":"http:\/\/www.facebook.com\/clubedopaiva","article_modified_time":"2022-01-31T12:54:29+00:00","twitter_card":"summary_large_image","twitter_misc":{"Tempo estimado de leitura":"4 minutos"},"schema":{"@context":"https:\/\/schema.org","@graph":[{"@type":"Organization","@id":"https:\/\/www.clubedopaiva.com\/#organization","name":"Clube do Piava","url":"https:\/\/www.clubedopaiva.com\/","sameAs":["http:\/\/www.facebook.com\/clubedopaiva","http:\/\/www.youtube.com\/clubedopaiva"],"logo":{"@type":"ImageObject","@id":"https:\/\/www.clubedopaiva.com\/#logo","inLanguage":"pt-PT","url":"http:\/\/www.clubedopaiva.com\/wp-content\/uploads\/2016\/12\/clube-do-paiva-logo-jagged-131-177.png","contentUrl":"http:\/\/www.clubedopaiva.com\/wp-content\/uploads\/2016\/12\/clube-do-paiva-logo-jagged-131-177.png","width":131,"height":177,"caption":"Clube do Piava"},"image":{"@id":"https:\/\/www.clubedopaiva.com\/#logo"}},{"@type":"WebSite","@id":"https:\/\/www.clubedopaiva.com\/#website","url":"https:\/\/www.clubedopaiva.com\/","name":"Clube do Paiva","description":"The River Experts","publisher":{"@id":"https:\/\/www.clubedopaiva.com\/#organization"},"potentialAction":[{"@type":"SearchAction","target":{"@type":"EntryPoint","urlTemplate":"https:\/\/www.clubedopaiva.com\/?s={search_term_string}"},"query-input":"required name=search_term_string"}],"inLanguage":"pt-PT"},{"@type":"WebPage","@id":"https:\/\/www.clubedopaiva.com\/pt-pt\/passadicos-do-paiva\/#webpage","url":"https:\/\/www.clubedopaiva.com\/pt-pt\/passadicos-do-paiva\/","name":"Passadi\u00e7os do Paiva - Clube do Paiva","isPartOf":{"@id":"https:\/\/www.clubedopaiva.com\/#website"},"datePublished":"2022-01-20T18:08:50+00:00","dateModified":"2022-01-31T12:54:29+00:00","breadcrumb":{"@id":"https:\/\/www.clubedopaiva.com\/pt-pt\/passadicos-do-paiva\/#breadcrumb"},"inLanguage":"pt-PT","potentialAction":[{"@type":"ReadAction","target":["https:\/\/www.clubedopaiva.com\/pt-pt\/passadicos-do-paiva\/"]}]},{"@type":"BreadcrumbList","@id":"https:\/\/www.clubedopaiva.com\/pt-pt\/passadicos-do-paiva\/#breadcrumb","itemListElement":[{"@type":"ListItem","position":1,"name":"Home","item":"https:\/\/www.clubedopaiva.com\/pt-pt\/"},{"@type":"ListItem","position":2,"name":"Passadi\u00e7os do Paiva"}]}]}},"_links":{"self":[{"href":"https:\/\/www.clubedopaiva.com\/pt-pt\/wp-json\/wp\/v2\/pages\/2358"}],"collection":[{"href":"https:\/\/www.clubedopaiva.com\/pt-pt\/wp-json\/wp\/v2\/pages"}],"about":[{"href":"https:\/\/www.clubedopaiva.com\/pt-pt\/wp-json\/wp\/v2\/types\/page"}],"author":[{"embeddable":true,"href":"https:\/\/www.clubedopaiva.com\/pt-pt\/wp-json\/wp\/v2\/users\/7"}],"replies":[{"embeddable":true,"href":"https:\/\/www.clubedopaiva.com\/pt-pt\/wp-json\/wp\/v2\/comments?post=2358"}],"version-history":[{"count":2,"href":"https:\/\/www.clubedopaiva.com\/pt-pt\/wp-json\/wp\/v2\/pages\/2358\/revisions"}],"predecessor-version":[{"id":2398,"href":"https:\/\/www.clubedopaiva.com\/pt-pt\/wp-json\/wp\/v2\/pages\/2358\/revisions\/2398"}],"wp:attachment":[{"href":"https:\/\/www.clubedopaiva.com\/pt-pt\/wp-json\/wp\/v2\/media?parent=2358"}],"curies":[{"name":"wp","href":"https:\/\/api.w.org\/{rel}","templated":true}]}}