{"id":2161,"date":"2021-12-02T16:52:09","date_gmt":"2021-12-02T16:52:09","guid":{"rendered":"https:\/\/www.clubedopaiva.com\/?page_id=2161"},"modified":"2023-06-10T20:33:44","modified_gmt":"2023-06-10T19:33:44","slug":"contactos","status":"publish","type":"page","link":"https:\/\/www.clubedopaiva.com\/pt-pt\/contactos\/","title":{"rendered":"Contactos"},"content":{"rendered":"<div class=\"fusion-fullwidth fullwidth-box nonhundred-percent-fullwidth non-hundred-percent-height-scrolling\"  style='background-color: #ffffff;background-position: center center;background-repeat: no-repeat;padding-top:20px;padding-right:0px;padding-bottom:20px;padding-left:0px;margin-bottom: 60px;'><div class=\"fusion-builder-row fusion-row \"><div  class=\"fusion-layout-column fusion_builder_column fusion_builder_column_1_3 fusion-builder-column-1 fusion-one-third fusion-column-first 1_3\"  style='margin-top:0px;margin-bottom:20px;width:33.33%;width:calc(33.33% - ( ( 4% + 4% ) * 0.3333 ) );margin-right: 4%;'>\n\t\t\t\t\t<div class=\"fusion-column-wrapper\" style=\"padding: 0px 0px 0px 0px;background-position:left top;background-repeat:no-repeat;-webkit-background-size:cover;-moz-background-size:cover;-o-background-size:cover;background-size:cover;\"   data-bg-url=\"\">\n\t\t\t\t\t\t<div class=\"fusion-text\"><h3>Visite-nos<\/h3>\n<\/div>\t\t\t\t\t<script type=\"text\/javascript\">\n\t\t\t\t\t\tvar map_fusion_map_69e4e13b9c6fb;\n\t\t\t\t\t\tvar markers = [];\n\t\t\t\t\t\tvar counter = 0;\n\t\t\t\t\t\t\t\t\t\t\t\t\t\t\t\t\t\t\t\tvar fusionMapNonce = 'b15819cdf5';\n\t\t\t\t\t\t\t\t\t\t\t\tfunction fusion_run_map_fusion_map_69e4e13b9c6fb() {\n\t\t\t\t\t\t\tjQuery('#fusion_map_69e4e13b9c6fb').fusion_maps({\n\t\t\t\t\t\t\t\taddresses: [{\"address\":\"Alvarenga, Portugal\",\"infobox_content\":\"\",\"coordinates\":false,\"cache\":true,\"latitude\":\"40.9694867\",\"longitude\":\"-8.163265599999932\"}],\n\t\t\t\t\t\t\t\tanimations: true,\n\t\t\t\t\t\t\t\tinfobox_background_color: '',\n\t\t\t\t\t\t\t\tinfobox_styling: 'default',\n\t\t\t\t\t\t\t\tinfobox_text_color: '',\n\t\t\t\t\t\t\t\tmap_style: 'custom',\n\t\t\t\t\t\t\t\tmap_type: 'roadmap',\n\t\t\t\t\t\t\t\tmarker_icon: '',\n\t\t\t\t\t\t\t\toverlay_color: '',\n\t\t\t\t\t\t\t\toverlay_color_hsl: {\"hue\":0,\"sat\":0,\"lum\":100},\n\t\t\t\t\t\t\t\tpan_control: true,\n\t\t\t\t\t\t\t\tshow_address: true,\n\t\t\t\t\t\t\t\tscale_control: true,\n\t\t\t\t\t\t\t\tscrollwheel: true,\n\t\t\t\t\t\t\t\tzoom: 7,\n\t\t\t\t\t\t\t\tzoom_control: true,\n\t\t\t\t\t\t\t});\n\t\t\t\t\t\t}\n\n\t\t\t\t\t\tgoogle.maps.event.addDomListener(window, 'load', fusion_run_map_fusion_map_69e4e13b9c6fb);\n\t\t\t\t\t<\/script>\n\t\t\t\t\t<div class=\"shortcode-map fusion-google-map fusion-maps-js-type cdp-map-container\" id=\"fusion_map_69e4e13b9c6fb\" style=\"height:700px;width:100%;\"><\/div><div class=\"fusion-clearfix\"><\/div>\n\n\t\t\t\t\t<\/div>\n\t\t\t\t<\/div><div  class=\"fusion-layout-column fusion_builder_column fusion_builder_column_1_3 fusion-builder-column-2 fusion-one-third 1_3\"  style='margin-top:0px;margin-bottom:20px;width:33.33%;width:calc(33.33% - ( ( 4% + 4% ) * 0.3333 ) );margin-right: 4%;'>\n\t\t\t\t\t<div class=\"fusion-column-wrapper\" style=\"padding: 0px 0px 0px 0px;background-position:left top;background-repeat:no-repeat;-webkit-background-size:cover;-moz-background-size:cover;-o-background-size:cover;background-size:cover;\"   data-bg-url=\"\">\n\t\t\t\t\t\t<div class=\"fusion-text\"><h3>Complete o formul\u00e1rio<\/h3>\n<\/div><div class=\"fusion-text\"><div role=\"form\" class=\"wpcf7\" id=\"wpcf7-f2168-o1\" lang=\"en-US\" dir=\"ltr\">\n<div class=\"screen-reader-response\"><p role=\"status\" aria-live=\"polite\" aria-atomic=\"true\"><\/p> <ul><\/ul><\/div>\n<form action=\"\/pt-pt\/wp-json\/wp\/v2\/pages\/2161#wpcf7-f2168-o1\" method=\"post\" class=\"wpcf7-form init\" novalidate=\"novalidate\" data-status=\"init\">\n<div style=\"display: none;\">\n<input type=\"hidden\" name=\"_wpcf7\" value=\"2168\" \/>\n<input type=\"hidden\" name=\"_wpcf7_version\" value=\"5.5.4\" \/>\n<input type=\"hidden\" name=\"_wpcf7_locale\" value=\"en_US\" \/>\n<input type=\"hidden\" name=\"_wpcf7_unit_tag\" value=\"wpcf7-f2168-o1\" \/>\n<input type=\"hidden\" name=\"_wpcf7_container_post\" value=\"0\" \/>\n<input type=\"hidden\" name=\"_wpcf7_posted_data_hash\" value=\"\" \/>\n<input type=\"hidden\" name=\"_wpcf7_recaptcha_response\" value=\"\" \/>\n<\/div>\n<div class=\"enquire-form\">\n<div class=\"form-col-lg-12 form-col-xs-12\">\n\t\t<b>Nome<span class=\"require-field\">*<\/span><\/b>\n\t<\/div>\n<div class=\"form-col-lg-6 form-col-xs-12 first-name-col\">\n<div><span class=\"wpcf7-form-control-wrap first-name\"><input type=\"text\" name=\"first-name\" value=\"\" size=\"40\" class=\"wpcf7-form-control wpcf7-text wpcf7-validates-as-required\" aria-required=\"true\" aria-invalid=\"false\" placeholder=\"Nome\" \/><\/span><\/div>\n<\/div>\n<div class=\"form-col-lg-6 form-col-xs-12 last-name-col\">\n\t\t<label><span class=\"wpcf7-form-control-wrap last-name\"><input type=\"text\" name=\"last-name\" value=\"\" size=\"40\" class=\"wpcf7-form-control wpcf7-text wpcf7-validates-as-required\" aria-required=\"true\" aria-invalid=\"false\" placeholder=\"Apelido\" \/><\/span><\/label>\n\t<\/div>\n<div class=\"form-col-lg-6 form-col-xs-12\">\n\t\t<label><b>E-mail<span class=\"require-field\">*<\/span><\/b><span class=\"wpcf7-form-control-wrap customer-email\"><input type=\"email\" name=\"customer-email\" value=\"\" size=\"40\" class=\"wpcf7-form-control wpcf7-text wpcf7-email wpcf7-validates-as-required wpcf7-validates-as-email\" aria-required=\"true\" aria-invalid=\"false\" placeholder=\"Inserir e-mail\" \/><\/span><\/label>\n\t<\/div>\n<div class=\"form-col-lg-6 form-col-xs-12\">\n\t\t<label><b>Telem\u00f3vel<span class=\"require-field\">*<\/span><\/b><span class=\"wpcf7-form-control-wrap customer-phone\"><input type=\"tel\" name=\"customer-phone\" value=\"\" size=\"40\" class=\"wpcf7-form-control wpcf7-text wpcf7-tel wpcf7-validates-as-required wpcf7-validates-as-tel\" aria-required=\"true\" aria-invalid=\"false\" placeholder=\"Inserir Telem\u00f3vel\" \/><\/span><\/label>\n\t<\/div>\n<div class=\"form-col-lg-12\">\n\t\t<b>Mensagem<\/b><span class=\"wpcf7-form-control-wrap message\"><textarea name=\"message\" cols=\"40\" rows=\"10\" class=\"wpcf7-form-control wpcf7-textarea\" aria-invalid=\"false\"><\/textarea><\/span>\n\t<\/div>\n<div class=\"form-col-lg-12 form-submit\"><input type=\"submit\" value=\"Submeter\" class=\"wpcf7-form-control has-spinner wpcf7-submit\" \/><\/div>\n<\/div>\n<div class=\"fusion-alert alert custom alert-custom fusion-alert-center wpcf7-response-output fusion-alert-capitalize alert-dismissable\" style=\"border-width:1px;\"><button style=\"color:;border-color:;\" type=\"button\" class=\"close toggle-alert\" data-dismiss=\"alert\" aria-hidden=\"true\">&times;<\/button><div class=\"fusion-alert-content-wrapper\"><span class=\"fusion-alert-content\"><\/span><\/div><\/div><\/form><\/div>\n<\/div><div class=\"fusion-clearfix\"><\/div>\n\n\t\t\t\t\t<\/div>\n\t\t\t\t<\/div><div  class=\"fusion-layout-column fusion_builder_column fusion_builder_column_1_3 fusion-builder-column-3 fusion-one-third fusion-column-last 1_3\"  style='margin-top:0px;margin-bottom:0px;width:33.33%;width:calc(33.33% - ( ( 4% + 4% ) * 0.3333 ) );'>\n\t\t\t\t\t<div class=\"fusion-column-wrapper\" style=\"padding: 0px 0px 0px 0px;background-position:left top;background-repeat:no-repeat;-webkit-background-size:cover;-moz-background-size:cover;-o-background-size:cover;background-size:cover;\"   data-bg-url=\"\">\n\t\t\t\t\t\t<div class=\"fusion-text\"><h3>Contacte-nos diretamente<\/h3>\n<\/div><div class=\"fusion-text\"><p style=\"text-align: left;\">Tel. +351 966 185 300<br \/>\nTel. +351 964 018 656<\/p>\n<p><a href=\"mailto:info@clubedopaiva.com\">info@clubedopaiva.com<\/a><\/p>\n<p style=\"text-align: left;\"><strong>Espiunca<\/strong><br \/>\n40\u00b059&#8217;34.67&#8243;N \u00a0\u00a08\u00b012&#8217;41.19&#8243;W<br \/>\n<strong>Areinho<\/strong><br \/>\n40\u00b057&#8217;9.68&#8243;N \u00a0 8\u00b010&#8217;33.05&#8243;W<\/p>\n<\/div><div class=\"fusion-sep-clear\"><\/div><div class=\"fusion-separator fusion-full-width-sep sep-single sep-solid\" style=\"border-color:#e0dede;border-top-width:1px;margin-left: auto;margin-right: auto;margin-top:18px;margin-bottom:14px;\"><\/div><div class=\"fusion-text\"><h3>Para Pedidos de Reserva<img loading=\"lazy\" class=\"size-full wp-image-1222 alignright\" src=\"http:\/\/www.clubedopaiva.com\/wp-content\/uploads\/2016\/09\/enquire-arrow.png\" alt=\"enquire-arrow\" width=\"126\" height=\"75\" \/><\/h3>\n<p>Clique no bot\u00e3o &#8220;Reserve j\u00e1&#8221; no canto superior direito de qualquer p\u00e1gina.<\/p>\n<\/div><div class=\"fusion-clearfix\"><\/div>\n\n\t\t\t\t\t<\/div>\n\t\t\t\t<\/div><\/div><\/div>\n","protected":false},"excerpt":{"rendered":"","protected":false},"author":7,"featured_media":0,"parent":0,"menu_order":0,"comment_status":"closed","ping_status":"closed","template":"","meta":[],"acf":[],"yoast_head":"<!-- This site is optimized with the Yoast SEO plugin v18.0 - https:\/\/yoast.com\/wordpress\/plugins\/seo\/ -->\n<title>Contactos - Clube do Paiva<\/title>\n<meta name=\"robots\" content=\"index, follow, max-snippet:-1, max-image-preview:large, max-video-preview:-1\" \/>\n<link rel=\"canonical\" href=\"https:\/\/www.clubedopaiva.com\/pt-pt\/contactos\/\" \/>\n<meta property=\"og:locale\" content=\"pt_PT\" \/>\n<meta property=\"og:type\" content=\"article\" \/>\n<meta property=\"og:title\" content=\"Contactos - Clube do Paiva\" \/>\n<meta property=\"og:url\" content=\"https:\/\/www.clubedopaiva.com\/pt-pt\/contactos\/\" \/>\n<meta property=\"og:site_name\" content=\"Clube do Paiva\" \/>\n<meta property=\"article:publisher\" content=\"http:\/\/www.facebook.com\/clubedopaiva\" \/>\n<meta property=\"article:modified_time\" content=\"2023-06-10T19:33:44+00:00\" \/>\n<meta property=\"og:image\" content=\"http:\/\/www.clubedopaiva.com\/wp-content\/uploads\/2016\/09\/enquire-arrow.png\" \/>\n<meta name=\"twitter:card\" content=\"summary_large_image\" \/>\n<meta name=\"twitter:label1\" content=\"Tempo estimado de leitura\" \/>\n\t<meta name=\"twitter:data1\" content=\"2 minutos\" \/>\n<script type=\"application\/ld+json\" class=\"yoast-schema-graph\">{\"@context\":\"https:\/\/schema.org\",\"@graph\":[{\"@type\":\"Organization\",\"@id\":\"https:\/\/www.clubedopaiva.com\/#organization\",\"name\":\"Clube do Piava\",\"url\":\"https:\/\/www.clubedopaiva.com\/\",\"sameAs\":[\"http:\/\/www.facebook.com\/clubedopaiva\",\"http:\/\/www.youtube.com\/clubedopaiva\"],\"logo\":{\"@type\":\"ImageObject\",\"@id\":\"https:\/\/www.clubedopaiva.com\/#logo\",\"inLanguage\":\"pt-PT\",\"url\":\"http:\/\/www.clubedopaiva.com\/wp-content\/uploads\/2016\/12\/clube-do-paiva-logo-jagged-131-177.png\",\"contentUrl\":\"http:\/\/www.clubedopaiva.com\/wp-content\/uploads\/2016\/12\/clube-do-paiva-logo-jagged-131-177.png\",\"width\":131,\"height\":177,\"caption\":\"Clube do Piava\"},\"image\":{\"@id\":\"https:\/\/www.clubedopaiva.com\/#logo\"}},{\"@type\":\"WebSite\",\"@id\":\"https:\/\/www.clubedopaiva.com\/#website\",\"url\":\"https:\/\/www.clubedopaiva.com\/\",\"name\":\"Clube do Paiva\",\"description\":\"The River Experts\",\"publisher\":{\"@id\":\"https:\/\/www.clubedopaiva.com\/#organization\"},\"potentialAction\":[{\"@type\":\"SearchAction\",\"target\":{\"@type\":\"EntryPoint\",\"urlTemplate\":\"https:\/\/www.clubedopaiva.com\/?s={search_term_string}\"},\"query-input\":\"required name=search_term_string\"}],\"inLanguage\":\"pt-PT\"},{\"@type\":\"ImageObject\",\"@id\":\"https:\/\/www.clubedopaiva.com\/pt-pt\/contactos\/#primaryimage\",\"inLanguage\":\"pt-PT\",\"url\":\"http:\/\/www.clubedopaiva.com\/wp-content\/uploads\/2016\/09\/enquire-arrow.png\",\"contentUrl\":\"http:\/\/www.clubedopaiva.com\/wp-content\/uploads\/2016\/09\/enquire-arrow.png\"},{\"@type\":\"WebPage\",\"@id\":\"https:\/\/www.clubedopaiva.com\/pt-pt\/contactos\/#webpage\",\"url\":\"https:\/\/www.clubedopaiva.com\/pt-pt\/contactos\/\",\"name\":\"Contactos - Clube do Paiva\",\"isPartOf\":{\"@id\":\"https:\/\/www.clubedopaiva.com\/#website\"},\"primaryImageOfPage\":{\"@id\":\"https:\/\/www.clubedopaiva.com\/pt-pt\/contactos\/#primaryimage\"},\"datePublished\":\"2021-12-02T16:52:09+00:00\",\"dateModified\":\"2023-06-10T19:33:44+00:00\",\"breadcrumb\":{\"@id\":\"https:\/\/www.clubedopaiva.com\/pt-pt\/contactos\/#breadcrumb\"},\"inLanguage\":\"pt-PT\",\"potentialAction\":[{\"@type\":\"ReadAction\",\"target\":[\"https:\/\/www.clubedopaiva.com\/pt-pt\/contactos\/\"]}]},{\"@type\":\"BreadcrumbList\",\"@id\":\"https:\/\/www.clubedopaiva.com\/pt-pt\/contactos\/#breadcrumb\",\"itemListElement\":[{\"@type\":\"ListItem\",\"position\":1,\"name\":\"Home\",\"item\":\"https:\/\/www.clubedopaiva.com\/pt-pt\/\"},{\"@type\":\"ListItem\",\"position\":2,\"name\":\"Contactos\"}]}]}<\/script>\n<!-- \/ Yoast SEO plugin. -->","yoast_head_json":{"title":"Contactos - Clube do Paiva","robots":{"index":"index","follow":"follow","max-snippet":"max-snippet:-1","max-image-preview":"max-image-preview:large","max-video-preview":"max-video-preview:-1"},"canonical":"https:\/\/www.clubedopaiva.com\/pt-pt\/contactos\/","og_locale":"pt_PT","og_type":"article","og_title":"Contactos - Clube do Paiva","og_url":"https:\/\/www.clubedopaiva.com\/pt-pt\/contactos\/","og_site_name":"Clube do Paiva","article_publisher":"http:\/\/www.facebook.com\/clubedopaiva","article_modified_time":"2023-06-10T19:33:44+00:00","og_image":[{"url":"http:\/\/www.clubedopaiva.com\/wp-content\/uploads\/2016\/09\/enquire-arrow.png"}],"twitter_card":"summary_large_image","twitter_misc":{"Tempo estimado de leitura":"2 minutos"},"schema":{"@context":"https:\/\/schema.org","@graph":[{"@type":"Organization","@id":"https:\/\/www.clubedopaiva.com\/#organization","name":"Clube do Piava","url":"https:\/\/www.clubedopaiva.com\/","sameAs":["http:\/\/www.facebook.com\/clubedopaiva","http:\/\/www.youtube.com\/clubedopaiva"],"logo":{"@type":"ImageObject","@id":"https:\/\/www.clubedopaiva.com\/#logo","inLanguage":"pt-PT","url":"http:\/\/www.clubedopaiva.com\/wp-content\/uploads\/2016\/12\/clube-do-paiva-logo-jagged-131-177.png","contentUrl":"http:\/\/www.clubedopaiva.com\/wp-content\/uploads\/2016\/12\/clube-do-paiva-logo-jagged-131-177.png","width":131,"height":177,"caption":"Clube do Piava"},"image":{"@id":"https:\/\/www.clubedopaiva.com\/#logo"}},{"@type":"WebSite","@id":"https:\/\/www.clubedopaiva.com\/#website","url":"https:\/\/www.clubedopaiva.com\/","name":"Clube do Paiva","description":"The River Experts","publisher":{"@id":"https:\/\/www.clubedopaiva.com\/#organization"},"potentialAction":[{"@type":"SearchAction","target":{"@type":"EntryPoint","urlTemplate":"https:\/\/www.clubedopaiva.com\/?s={search_term_string}"},"query-input":"required name=search_term_string"}],"inLanguage":"pt-PT"},{"@type":"ImageObject","@id":"https:\/\/www.clubedopaiva.com\/pt-pt\/contactos\/#primaryimage","inLanguage":"pt-PT","url":"http:\/\/www.clubedopaiva.com\/wp-content\/uploads\/2016\/09\/enquire-arrow.png","contentUrl":"http:\/\/www.clubedopaiva.com\/wp-content\/uploads\/2016\/09\/enquire-arrow.png"},{"@type":"WebPage","@id":"https:\/\/www.clubedopaiva.com\/pt-pt\/contactos\/#webpage","url":"https:\/\/www.clubedopaiva.com\/pt-pt\/contactos\/","name":"Contactos - Clube do Paiva","isPartOf":{"@id":"https:\/\/www.clubedopaiva.com\/#website"},"primaryImageOfPage":{"@id":"https:\/\/www.clubedopaiva.com\/pt-pt\/contactos\/#primaryimage"},"datePublished":"2021-12-02T16:52:09+00:00","dateModified":"2023-06-10T19:33:44+00:00","breadcrumb":{"@id":"https:\/\/www.clubedopaiva.com\/pt-pt\/contactos\/#breadcrumb"},"inLanguage":"pt-PT","potentialAction":[{"@type":"ReadAction","target":["https:\/\/www.clubedopaiva.com\/pt-pt\/contactos\/"]}]},{"@type":"BreadcrumbList","@id":"https:\/\/www.clubedopaiva.com\/pt-pt\/contactos\/#breadcrumb","itemListElement":[{"@type":"ListItem","position":1,"name":"Home","item":"https:\/\/www.clubedopaiva.com\/pt-pt\/"},{"@type":"ListItem","position":2,"name":"Contactos"}]}]}},"_links":{"self":[{"href":"https:\/\/www.clubedopaiva.com\/pt-pt\/wp-json\/wp\/v2\/pages\/2161"}],"collection":[{"href":"https:\/\/www.clubedopaiva.com\/pt-pt\/wp-json\/wp\/v2\/pages"}],"about":[{"href":"https:\/\/www.clubedopaiva.com\/pt-pt\/wp-json\/wp\/v2\/types\/page"}],"author":[{"embeddable":true,"href":"https:\/\/www.clubedopaiva.com\/pt-pt\/wp-json\/wp\/v2\/users\/7"}],"replies":[{"embeddable":true,"href":"https:\/\/www.clubedopaiva.com\/pt-pt\/wp-json\/wp\/v2\/comments?post=2161"}],"version-history":[{"count":4,"href":"https:\/\/www.clubedopaiva.com\/pt-pt\/wp-json\/wp\/v2\/pages\/2161\/revisions"}],"predecessor-version":[{"id":2495,"href":"https:\/\/www.clubedopaiva.com\/pt-pt\/wp-json\/wp\/v2\/pages\/2161\/revisions\/2495"}],"wp:attachment":[{"href":"https:\/\/www.clubedopaiva.com\/pt-pt\/wp-json\/wp\/v2\/media?parent=2161"}],"curies":[{"name":"wp","href":"https:\/\/api.w.org\/{rel}","templated":true}]}}